{"id":22,"date":"2009-11-19T09:29:21","date_gmt":"2009-11-19T14:29:21","guid":{"rendered":"http:\/\/richardaseguin.com\/fra\/?page_id=22"},"modified":"2015-02-05T16:39:28","modified_gmt":"2015-02-05T15:39:28","slug":"chants-de-pierre","status":"publish","type":"page","link":"https:\/\/eng.richardaseguin.com\/?page_id=22","title":{"rendered":"From Stone"},"content":{"rendered":"<p>&nbsp;<\/p>\n<p>&nbsp;<\/p>\n<p>&nbsp;<\/p>\n<p><a href=\"http:\/\/richardaseguin.com\/fra\/wp-content\/uploads\/2009\/11\/chants-pierre_600recto.jpg\" target=\"_blank\"><img loading=\"lazy\" class=\"size-full wp-image-118 alignnone\" style=\"margin: 0px 30px 20px 0px;\" title=\"Chants de pierre recto\" src=\"http:\/\/richardaseguin.com\/fra\/wp-content\/uploads\/2009\/11\/chants-pierre_200recto.jpg\" alt=\"chants-pierre_200recto\" width=\"207\" height=\"200\" \/><\/a><img loading=\"lazy\" style=\"margin: 0px 80px 20px 0px;\" title=\"Chants de pierre verso\" src=\"http:\/\/richardaseguin.com\/fra\/wp-content\/uploads\/2009\/11\/chants-pierre_200verso.jpg\" alt=\"chants-pierre_200verso\" width=\"207\" height=\"200\" \/><\/p>\n<p>Hear Richard play &#8220;The Same Dream (Mauve)&#8221; by clicking on this link:<\/p>\n<p><iframe loading=\"lazy\" width=\"500\" height=\"375\" src=\"https:\/\/www.youtube.com\/embed\/oxNbb8NfFfc?feature=oembed\" frameborder=\"0\" allowfullscreen><\/iframe><\/p>\n<p><strong>The Marching Band Gone Astray<\/strong>\u00a0\u2014 I learned the basics of music when I was 10 by playing alto in the\u00a0<a title=\"Rockland Marching Band\" href=\"http:\/\/richardaseguin.com\/fra\/wp-content\/uploads\/2009\/11\/fanfare.jpg\">Rockland Marching Band<\/a>. Established in 1905, the marching band, now a thing of the past, was a source of pride for the municipality and all the musicians who played in it. The guitar is tuned in D (DADF # AD).<\/p>\n<p><strong>The Sun Rises on the Roofs of Taro<\/strong> \u2014 A piece in three parts for two guitars played by one person. The east end of Rockland is known as &#8220;Taro&#8221;, from the expression &#8220;Tar Road&#8221;, a pretty obvious indicator of its working class roots. One of my earliest memories : the red sun rising over the roofs of the houses on the other side of main street and the chimney smoke rising straight up in the winter sky.<\/p>\n<p><strong>Song For Watching Cars Go By<\/strong> \u2014 In some small villages, there are two types of people &#8211; those who cruise the main drag in their cars and those who sit on their porches and watch those who cruise the main drag in their cars. This is for Doc Watson, whose recordings taught me the respect of tradition.<\/p>\n<p><strong>Distances<\/strong> \u2014 Like most\u00a0<a title=\"Rockland\" href=\"http:\/\/richardaseguin.com\/fra\/wp-content\/uploads\/2009\/11\/distances.jpg\">Rockland<\/a>\u00a0residents,I had to travel between Rockland and Ottawa to earn a living. In time, the road disappears in a mind fog. The guitar is tuned in A (EAC # EAE).<\/p>\n<p><strong>Aristocrat in rags<\/strong> \u2014 Like many guitarists, I was inspired by the music of Scott Joplin, which people called \u00ab ragged time \u00bb, \u00ab rag time \u00bb, or just \u00ab rag \u00bb because of its syncopated tempo.<\/p>\n<p><strong><a href=\"http:\/\/richardaseguin.com\/fra\/wp-content\/uploads\/2009\/11\/paysan.jpg\">Countryman<\/a><\/strong> \u2014 A stomper for the Reverend Gary Davis, a guitar sorcerer who recorded one of the best pieces of the 20th century, the incredible &#8220;Cincinnati Flow Rag.&#8221; At the turn of the century, many communities lived in cultural isolation, which allowed musicians like Gary Davis and Joseph Spence of the Bahamas to create unique guitar styles. This cultural isolation is familiar to Franco-Ontarians, and especially our grand-parents&#8217; generation, the last true countrymen. The guitar is tuned in C (CGCGCE).<\/p>\n<p><strong>The marionnettes<\/strong> \u2014 The guitar&#8217;s music box sound comes from a \u00abNashville\u00bb tuning. The two first strings (E-B) of the guitar are the same and are tuned as usual, but the four other strings (E-A-D-G) are smaller gauge strings tuned one octave higher than usual. So the third string (I use the fifth string for a banjo) is one and a half tones higher than the first string. I always wanted a real music box to play this melody but I never found a craftsman who made them.<\/p>\n<p><strong>The Village Simpleton<\/strong>\u2014 Another stomper. Infinitely more interesting than cities, villages are full of unique individuals and always seem to have at least one resident simpleton. Rockland had two or three. In the cities, they&#8217;re at every street corner.<\/p>\n<p><strong>Nostalgia for a Player Piano<\/strong>\u00a0\u2014 A &#8220;rag&#8221; of sorts. At the turn of the century, the music of Scott Joplin, which preceded the first recordings, was only available in sheets or in rolls for mechanical &#8220;player&#8221; pianos.<\/p>\n<p><strong>Crows&#8217; Concert<\/strong>\u00a0\u2014 In pop music, there are songbirds and there are <a title=\"Crow\" href=\"http:\/\/richardaseguin.com\/fra\/wp-content\/uploads\/2009\/11\/corneilles.jpg\">crows<\/a>. It&#8217;s been that way since the &#8217;50s. \u00a0Crows have never been popular, which explains why so many crowsw are now songbirds. This piece is for the crows: Jerry Lee Lewis, Captain Beefheart, Graham Parker and Richard Thompson. The guitar is tuned in C (CGCGCE).<\/p>\n<p><strong>Blues For Times Gone By<\/strong> \u2014 A sister-piece for &#8220;The Last Ones To Leave&#8221; on my album &#8220;Rumours in the Barnyard.&#8221; The time in question is that which I lost in bars and taverns, when I was young and angry.<\/p>\n<p><strong>The Sweat of our Brows<\/strong> \u2014 A blues for my father, <a href=\"http:\/\/richardaseguin.com\/fra\/wp-content\/uploads\/2009\/11\/rene.jpg\" target=\"_blank\">Jean-Ren\u00e9 S\u00e9guin<\/a> and for all labourers. Like many Franco-Ontarians my father became a labourers out of necessity. With little education and a family to support (we were nine with my grandfatherVilleneuve), he worked hard all his life and died much too young. The guitar is tuned in D (DADF # AD).<\/p>\n<p><strong>Grandpa Villeneuve<\/strong> \u2014 When my maternal grandfather died in 1915, my grandmother moved her family from Cache Bay in northern Ontario, to Rockland. There she met a widower named Alphonse Villeneuve dit Amyot, whom she married. When my grandmother died in1947, grandpa Villeneuve lived with us until his death in 1960, when he was 95. A silent oak, grandpa was a big part of my youth. In the style of Mississippi John Hurt, this piece is also for him, a guitarist who greatly influenced me. The guitar is tuned in C (CGCGCE).<\/p>\n<p><strong>Never Known<\/strong> \u2014 A more recent composition for my maternal\u00a0<a href=\"http:\/\/richardaseguin.com\/fra\/wp-content\/uploads\/2009\/11\/jamais.jpg\" target=\"_blank\">grandparents<\/a>, Antoine Comtois and Rosa B\u00e9dard. The guitar is tuned in D (DADF # AD).<\/p>\n<p><strong><a title=\"Autumn Blues\" href=\"http:\/\/richardaseguin.com\/fra\/wp-content\/uploads\/2009\/11\/automne.jpg\">Autumn Blues<\/a><\/strong> \u2014 Dedicated to Bert Jansch, a tremendous guitarist and a big influence. The guitar is tuned in C minor (CGCGCE b).<\/p>\n<p><strong>Richard Celebrates His 10th Borthday<\/strong> \u2014 A sister-piece for&#8221;When I Was Small&#8221; on my album &#8220;Rumours in the Barnyard. My early years were filled with wonder and happiness until the death of my brother\u00a0<a href=\"http:\/\/richardaseguin.com\/fra\/wp-content\/uploads\/2009\/11\/10-ans.jpg\" target=\"_blank\">Gabriel<\/a> in 1959. He was 23 and I was 9, hence the title. The guitar is tuned in D (DADF # AD).<\/p>\n<p><strong>Field of Stones<\/strong> \u2014 The title commes, in part, from an old story Grandpa Villeneuve whereby a priest in Rigaud, enraged by a farmer who worked on Sunday, turned his field of potatoes into a <a title=\"Field of Stones\" href=\"http:\/\/richardaseguin.com\/fra\/wp-content\/uploads\/2009\/11\/champ.jpg\">field of stones<\/a>. \u00a0The title also comes from something that happened when I was a surveyor.\u00a0It was terribly hot that day and I rested in the shade of a tree at noon. With the buzz of cicadas in my ears, the field of stones at my feet slipped into a dream. When I got home that day, the piece just came out. At the end, you will hear my interpretation of the chimes of the Tr\u00e8s-Sainte-Trinit\u00e9 de Rockland parish. The guitar is tuned in A (EAC # EAE). Dedicated to Leo Kottke, the complete guitarist\/composer.<\/p>\n<p><strong>The Same Dream (Mauve)<\/strong> \u2014 A more recent piece composed for &#8220;Mauve&#8221;, an interractive CD-ROM for teenagers in crisis. &#8220;Mauve&#8221; is a production of Pentafolio Multimedia, of Clarence Creek, and was recognized by the Association for Media and Technology in Education in Canada and by the Festival international du multim\u00e9dia et de la vid\u00e9o sant\u00e9.<\/p>\n<p>&nbsp;<\/p>\n","protected":false},"excerpt":{"rendered":"<p>&nbsp; &nbsp; &nbsp; Hear Richard play &#8220;The Same Dream (Mauve)&#8221; by clicking on this link: The Marching Band Gone Astray\u00a0\u2014 I learned the basics of music when I was 10 by playing alto in the\u00a0Rockland Marching Band. Established in 1905, the marching band, now a thing of the past, was a source of pride for [&hellip;]<\/p>\n","protected":false},"author":1,"featured_media":0,"parent":18,"menu_order":3,"comment_status":"closed","ping_status":"closed","template":"page_static.php","meta":[],"_links":{"self":[{"href":"https:\/\/eng.richardaseguin.com\/index.php?rest_route=\/wp\/v2\/pages\/22"}],"collection":[{"href":"https:\/\/eng.richardaseguin.com\/index.php?rest_route=\/wp\/v2\/pages"}],"about":[{"href":"https:\/\/eng.richardaseguin.com\/index.php?rest_route=\/wp\/v2\/types\/page"}],"author":[{"embeddable":true,"href":"https:\/\/eng.richardaseguin.com\/index.php?rest_route=\/wp\/v2\/users\/1"}],"replies":[{"embeddable":true,"href":"https:\/\/eng.richardaseguin.com\/index.php?rest_route=%2Fwp%2Fv2%2Fcomments&post=22"}],"version-history":[{"count":2,"href":"https:\/\/eng.richardaseguin.com\/index.php?rest_route=\/wp\/v2\/pages\/22\/revisions"}],"predecessor-version":[{"id":1000,"href":"https:\/\/eng.richardaseguin.com\/index.php?rest_route=\/wp\/v2\/pages\/22\/revisions\/1000"}],"up":[{"embeddable":true,"href":"https:\/\/eng.richardaseguin.com\/index.php?rest_route=\/wp\/v2\/pages\/18"}],"wp:attachment":[{"href":"https:\/\/eng.richardaseguin.com\/index.php?rest_route=%2Fwp%2Fv2%2Fmedia&parent=22"}],"curies":[{"name":"wp","href":"https:\/\/api.w.org\/{rel}","templated":true}]}}